{"id":6499,"date":"2023-05-25T09:55:44","date_gmt":"2023-05-25T07:55:44","guid":{"rendered":"https:\/\/essentialvans.at\/?page_id=6499"},"modified":"2026-02-12T12:10:01","modified_gmt":"2026-02-12T11:10:01","slug":"news","status":"publish","type":"page","link":"https:\/\/essentialvans.at\/en\/news\/","title":{"rendered":"News"},"content":{"rendered":"<div id=\"ep-page-header-block_e45f590a1400a2e8728ca324ca2469f9\" class=\"ep-page-header ep-block \">\n                        <div class=\"show-frontend\">\n                <div class=\"inner\">\n                                                                                \n                    <div class=\"image-wrapper\">\n                        <picture>\n                            <source srcset=\"https:\/\/essentialvans.at\/wp-content\/uploads\/2024\/05\/img-8126-scaled-e1716104366470-1920x540-c-center.jpg 1x\" media=\"(min-width: 1024px)\"\/>\n                            <source srcset=\"https:\/\/essentialvans.at\/wp-content\/uploads\/2024\/05\/img-8126-scaled-e1716104366470-1024x400-c-center.jpg 1x\" media=\"(min-width: 768px)\"\/>\n                            <source srcset=\"https:\/\/essentialvans.at\/wp-content\/uploads\/2024\/05\/img-8126-scaled-e1716104366470-768x300-c-center.jpg 1x\" media=\"(max-width: 767px)\"\/>\n                            <img decoding=\"async\" src=\"https:\/\/essentialvans.at\/wp-content\/uploads\/2024\/05\/img-8126-scaled-e1716104366470-768x300-c-center.jpg\" alt=\"\" title=\"IMG_8126\"\/>\n                        <\/picture>\n                    <\/div>\n\n                    <div class=\"text-wrapper\">\n                                                    <div class=\"logo\">\n                                <svg width=\"50\" height=\"50\" viewBox=\"0 0 50 50\" fill=\"none\" xmlns=\"http:\/\/www.w3.org\/2000\/svg\">\n<g clip-path=\"url(#clip0_129_2112)\">\n<path d=\"M43.7174 8.25195L41.8513 11.4622C44.106 14.2523 45.6291 17.5608 46.2826 21.088L50.0099 22.5651C49.4961 17.2441 47.2908 12.2278 43.7174 8.25195Z\" fill=\"white\"\/>\n<path d=\"M41.7529 6.28754C37.7818 2.72247 32.7756 0.519505 27.4644 0L28.9119 3.72723C32.4393 4.38017 35.7479 5.90331 38.5377 8.15854L41.7529 6.28754Z\" fill=\"white\"\/>\n<path d=\"M43.7174 41.7528C47.2791 37.7839 49.4802 32.7814 50 27.4741L46.2826 28.9118C45.6301 32.4394 44.1069 35.7481 41.8513 38.5376L43.7174 41.7528Z\" fill=\"white\"\/>\n<path d=\"M38.5377 41.8511C35.7482 44.1067 32.4395 45.6299 28.9119 46.2824L27.4644 50.0096C32.7716 49.4898 37.7742 47.2887 41.743 43.727L38.5377 41.8511Z\" fill=\"white\"\/>\n<path d=\"M8.25208 43.7172C12.22 47.2803 17.2231 49.4816 22.5308 49.9998L21.0881 46.2824C17.5606 45.6299 14.2519 44.1067 11.4623 41.8511L8.25208 43.7172Z\" fill=\"white\"\/>\n<path d=\"M8.14869 38.5377C5.89347 35.7479 4.37032 32.4393 3.71738 28.9119L0 27.4644C0.521544 32.7721 2.72438 37.7746 6.28754 41.743L8.14869 38.5377Z\" fill=\"white\"\/>\n<path d=\"M6.28754 8.25195C2.72196 12.2207 0.518837 17.2256 0 22.5356L3.72723 21.088C4.38116 17.5609 5.9042 14.2525 8.15854 11.4622L6.28754 8.25195Z\" fill=\"white\"\/>\n<path d=\"M8.25208 6.28754L11.4623 8.14869C14.2526 5.89436 17.561 4.37132 21.0881 3.71738L22.5357 0C17.2258 0.518837 12.2208 2.72196 8.25208 6.28754Z\" fill=\"white\"\/>\n<path d=\"M24.3033 14.4658V19.8326H10.192L13.0379 25.7164H24.3033V30.7238H15.4604L18.5032 37.0064H24.3033V42.3782H27.4988L40.9798 14.5348V14.4658H24.3033Z\" fill=\"white\"\/>\n<\/g>\n<defs>\n<clipPath id=\"clip0_129_2112\">\n<rect width=\"50\" height=\"50\" fill=\"white\"\/>\n<\/clipPath>\n<\/defs>\n<\/svg>\n                            <\/div>\n                                                                            <h2>ESSENTIAL VANS<\/h2>\n                                                                            <div class=\"subtitle\">News<\/div>\n                                                                    <\/div>\n\n                <\/div>\n            <\/div>\n            <\/div>\n\n<div id=\"ep-block-spacer-block_5138019661a22ccf4b4f81b7b9aa0920\" class=\"ep-block-spacer ep-block \">\n            <div  class=\"show-frontend\">\n                        <style>\n                #ep-spacer-CocOd {\n                    height: 100px;\n                }\n\n                @media (max-width: 767px) {\n                    #ep-spacer-CocOd {\n                        height: 60px;\n                    }\n                }\n\n                @media (min-width: 768px) and (max-width: 1023px) {\n                    #ep-spacer-CocOd {\n                        height: 100px;\n                    }\n                }\n            <\/style>\n            <div id=\"ep-spacer-CocOd\"><\/div>\n        <\/div>\n    <\/div>\n\n\n<div id=\"ep-subtitle-title-line-block_43187bfb9445a60623fdf4a8c0d63571\" class=\"ep-subtitle-title-line ep-block \">\n            <div class=\"show-frontend\">\n            <div class=\"inner\">\n                                    <h4 class=\"subtitle\">Overview<\/h4>\n                \n                                    <h2 class=\"title\">Reports \/ News<\/h2>\n                \n                                    <div class=\"text\"><p>Here, we want to regularly share news, trips, events, and much more about life with our ESSENTIAL VANS and updates from the ESSENTIAL VANS community. Enjoy reading!<\/p>\n<\/div>\n                            <\/div>\n        <\/div>\n    <\/div>\n\n<div id=\"ep-block-spacer-block_89d98bbbd357f1d65cc28a981ae3d3c2\" class=\"ep-block-spacer ep-block \">\n            <div  class=\"show-frontend\">\n                        <style>\n                #ep-spacer-j5xKI {\n                    height: 70px;\n                }\n\n                @media (max-width: 767px) {\n                    #ep-spacer-j5xKI {\n                        height: 40px;\n                    }\n                }\n\n                @media (min-width: 768px) and (max-width: 1023px) {\n                    #ep-spacer-j5xKI {\n                        height: 50px;\n                    }\n                }\n            <\/style>\n            <div id=\"ep-spacer-j5xKI\"><\/div>\n        <\/div>\n    <\/div>\n\n\n<div id=\"ep-overview-news-block_afe5cbbd780a5092493bb9cdc37e55d2\" class=\"ep-overview-news ep-block \">\n                        <div class=\"show-frontend\">\n                <div class=\"inner\">\n                    <div class=\"posts-wrapper\">\n                                                        <div class=\"post-tile\">\n        <div class=\"post-tile-inner\">\n                            <div class=\"image\">\n                                                                                                                        <picture>\n                        <source srcset=\"https:\/\/essentialvans.at\/wp-content\/uploads\/2024\/05\/photo-2024-05-15-23-00-36-600x897-c-center.jpg 1x\" media=\"(min-width: 1024px)\"\/>\n                        <source srcset=\"https:\/\/essentialvans.at\/wp-content\/uploads\/2024\/05\/photo-2024-05-15-23-00-36-600x897-c-center.jpg 1x\" media=\"(min-width: 768px)\"\/>\n                        <source srcset=\"https:\/\/essentialvans.at\/wp-content\/uploads\/2024\/05\/photo-2024-05-15-23-00-36-600x897-c-center.jpg 1x\" media=\"(max-width: 767px)\"\/>\n                        <img decoding=\"async\" src=\"https:\/\/essentialvans.at\/wp-content\/uploads\/2024\/05\/photo-2024-05-15-23-00-36-600x897-c-center.jpg\" alt=\"\" title=\"PHOTO-2024-05-15-23-00-36\"\/>\n                    <\/picture>\n                <\/div>\n                        <h3><a href=\"https:\/\/essentialvans.at\/en\/ev035-impressions-of-a-wonderful-trip-to-morocco\/\">EV035 Impressions of a wonderful trip to Morocco<\/a><\/h3>\n        <\/div>\n\n        <div class=\"overlay\">\n           <div class=\"position-wrapper\">\n               <h3><a href=\"https:\/\/essentialvans.at\/en\/ev035-impressions-of-a-wonderful-trip-to-morocco\/\">EV035 Impressions of a wonderful trip to Morocco<\/a><\/h3>\n                                  <div class=\"excerpt\">EV035, on tour in Morocco. After a brief stopover at our place in Sinabelkirchen, we set off on a grand&hellip;<\/div>\n                              <a href=\"https:\/\/essentialvans.at\/en\/ev035-impressions-of-a-wonderful-trip-to-morocco\/\" class=\"read-more\">Read more<\/a>\n           <\/div>\n        <\/div>\n\n    <\/div>\n                                                        <div class=\"post-tile\">\n        <div class=\"post-tile-inner\">\n                            <div class=\"image\">\n                                                                                                                        <picture>\n                        <source srcset=\"https:\/\/essentialvans.at\/wp-content\/uploads\/2024\/05\/pappas-logo-2017.svg 1x\" media=\"(min-width: 1024px)\"\/>\n                        <source srcset=\"https:\/\/essentialvans.at\/wp-content\/uploads\/2024\/05\/pappas-logo-2017.svg 1x\" media=\"(min-width: 768px)\"\/>\n                        <source srcset=\"https:\/\/essentialvans.at\/wp-content\/uploads\/2024\/05\/pappas-logo-2017.svg 1x\" media=\"(max-width: 767px)\"\/>\n                        <img decoding=\"async\" src=\"https:\/\/essentialvans.at\/wp-content\/uploads\/2024\/05\/pappas-logo-2017.svg\" alt=\"\" title=\"pappas-logo-2017\"\/>\n                    <\/picture>\n                <\/div>\n                        <h3><a href=\"https:\/\/essentialvans.at\/en\/essential-vans-power-by-pappas\/\">ESSENTIAL VANS powerd by Pappas<\/a><\/h3>\n        <\/div>\n\n        <div class=\"overlay\">\n           <div class=\"position-wrapper\">\n               <h3><a href=\"https:\/\/essentialvans.at\/en\/essential-vans-power-by-pappas\/\">ESSENTIAL VANS powerd by Pappas<\/a><\/h3>\n                                  <div class=\"excerpt\">We are very proud of our partnership with Pappas. \ud83d\ude42 The cooperation between the largest Mercedes partner in Austria and&hellip;<\/div>\n                              <a href=\"https:\/\/essentialvans.at\/en\/essential-vans-power-by-pappas\/\" class=\"read-more\">Read more<\/a>\n           <\/div>\n        <\/div>\n\n    <\/div>\n                                                        <div class=\"post-tile\">\n        <div class=\"post-tile-inner\">\n                            <div class=\"image\">\n                                                                                                                        <picture>\n                        <source srcset=\"https:\/\/essentialvans.at\/wp-content\/uploads\/2023\/10\/ev-header-news-vanpartner-600x897-c-center.png 1x\" media=\"(min-width: 1024px)\"\/>\n                        <source srcset=\"https:\/\/essentialvans.at\/wp-content\/uploads\/2023\/10\/ev-header-news-vanpartner-600x897-c-center.png 1x\" media=\"(min-width: 768px)\"\/>\n                        <source srcset=\"https:\/\/essentialvans.at\/wp-content\/uploads\/2023\/10\/ev-header-news-vanpartner-600x897-c-center.png 1x\" media=\"(max-width: 767px)\"\/>\n                        <img decoding=\"async\" src=\"https:\/\/essentialvans.at\/wp-content\/uploads\/2023\/10\/ev-header-news-vanpartner-600x897-c-center.png\" alt=\"\" title=\"EV Header News_VanPartner\"\/>\n                    <\/picture>\n                <\/div>\n                        <h3><a href=\"https:\/\/essentialvans.at\/en\/certified-mercedes-van-partner\/\">Essential Vans: Your certified Mercedes VanPartner for first-class vehicle conversions<\/a><\/h3>\n        <\/div>\n\n        <div class=\"overlay\">\n           <div class=\"position-wrapper\">\n               <h3><a href=\"https:\/\/essentialvans.at\/en\/certified-mercedes-van-partner\/\">Essential Vans: Your certified Mercedes VanPartner for first-class vehicle conversions<\/a><\/h3>\n                                  <div class=\"excerpt\">Wir sind ein renommiertes Unternehmen, das sich auf den multifunktionalen Grundausbau f\u00fcr Mercedes Sprinter spezialisiert hat. Mit unserer langj\u00e4hrigen Erfahrung und unserem Fachwissen bieten wir Ihnen ma\u00dfgeschneiderte L\u00f6sungen, um Ihren Sprinter in einen vielseitigen und funktionalen Raum zu verwandeln.<\/div>\n                              <a href=\"https:\/\/essentialvans.at\/en\/certified-mercedes-van-partner\/\" class=\"read-more\">Read more<\/a>\n           <\/div>\n        <\/div>\n\n    <\/div>\n                                                        <div class=\"post-tile\">\n        <div class=\"post-tile-inner\">\n                            <div class=\"image\">\n                                                                                                                        <picture>\n                        <source srcset=\"https:\/\/essentialvans.at\/wp-content\/uploads\/2023\/10\/img-8098-scaled-600x897-c-center.jpg 1x\" media=\"(min-width: 1024px)\"\/>\n                        <source srcset=\"https:\/\/essentialvans.at\/wp-content\/uploads\/2023\/10\/img-8098-scaled-600x897-c-center.jpg 1x\" media=\"(min-width: 768px)\"\/>\n                        <source srcset=\"https:\/\/essentialvans.at\/wp-content\/uploads\/2023\/10\/img-8098-scaled-600x897-c-center.jpg 1x\" media=\"(max-width: 767px)\"\/>\n                        <img decoding=\"async\" src=\"https:\/\/essentialvans.at\/wp-content\/uploads\/2023\/10\/img-8098-scaled-600x897-c-center.jpg\" alt=\"\" title=\"IMG_8098\"\/>\n                    <\/picture>\n                <\/div>\n                        <h3><a href=\"https:\/\/essentialvans.at\/en\/lakemania\/\">Essential Vans at LakeMania in Rust<\/a><\/h3>\n        <\/div>\n\n        <div class=\"overlay\">\n           <div class=\"position-wrapper\">\n               <h3><a href=\"https:\/\/essentialvans.at\/en\/lakemania\/\">Essential Vans at LakeMania in Rust<\/a><\/h3>\n                                  <div class=\"excerpt\">Here is a brief report and a few impressions of Lake Mania 2024 in Rust on Lake Neusiedl. At the&hellip;<\/div>\n                              <a href=\"https:\/\/essentialvans.at\/en\/lakemania\/\" class=\"read-more\">Read more<\/a>\n           <\/div>\n        <\/div>\n\n    <\/div>\n                                            <\/div>\n                    \n                <\/div>\n            <\/div>\n            <\/div>\n\n\n<div id=\"ep-block-spacer-block_744c2a7519ce28db7bdbb6f620ed3d11\" class=\"ep-block-spacer ep-block \">\n            <div  class=\"show-frontend\">\n                        <style>\n                #ep-spacer-4MHsE {\n                    height: 160px;\n                }\n\n                @media (max-width: 767px) {\n                    #ep-spacer-4MHsE {\n                        height: 60px;\n                    }\n                }\n\n                @media (min-width: 768px) and (max-width: 1023px) {\n                    #ep-spacer-4MHsE {\n                        height: 100px;\n                    }\n                }\n            <\/style>\n            <div id=\"ep-spacer-4MHsE\"><\/div>\n        <\/div>\n    <\/div>\n","protected":false},"excerpt":{"rendered":"","protected":false},"author":2,"featured_media":0,"parent":0,"menu_order":0,"comment_status":"closed","ping_status":"closed","template":"","meta":{"_acf_changed":false,"footnotes":""},"class_list":["post-6499","page","type-page","status-publish","hentry"],"acf":[],"yoast_head":"<!-- This site is optimized with the Yoast SEO plugin v27.5 - https:\/\/yoast.com\/product\/yoast-seo-wordpress\/ -->\n<title>News - Essential Vans<\/title>\n<meta name=\"robots\" content=\"index, follow, max-snippet:-1, max-image-preview:large, max-video-preview:-1\" \/>\n<link rel=\"canonical\" href=\"https:\/\/essentialvans.at\/en\/news\/\" \/>\n<meta property=\"og:locale\" content=\"en_US\" \/>\n<meta property=\"og:type\" content=\"article\" \/>\n<meta property=\"og:title\" content=\"News - Essential Vans\" \/>\n<meta property=\"og:url\" content=\"https:\/\/essentialvans.at\/en\/news\/\" \/>\n<meta property=\"og:site_name\" content=\"Essential Vans\" \/>\n<meta property=\"article:modified_time\" content=\"2026-02-12T11:10:01+00:00\" \/>\n<meta name=\"twitter:card\" content=\"summary_large_image\" \/>\n<script type=\"application\/ld+json\" class=\"yoast-schema-graph\">{\"@context\":\"https:\\\/\\\/schema.org\",\"@graph\":[{\"@type\":\"WebPage\",\"@id\":\"https:\\\/\\\/essentialvans.at\\\/en\\\/news\\\/\",\"url\":\"https:\\\/\\\/essentialvans.at\\\/en\\\/news\\\/\",\"name\":\"News - Essential Vans\",\"isPartOf\":{\"@id\":\"https:\\\/\\\/essentialvans.at\\\/en\\\/#website\"},\"datePublished\":\"2023-05-25T07:55:44+00:00\",\"dateModified\":\"2026-02-12T11:10:01+00:00\",\"breadcrumb\":{\"@id\":\"https:\\\/\\\/essentialvans.at\\\/en\\\/news\\\/#breadcrumb\"},\"inLanguage\":\"en-US\",\"potentialAction\":[{\"@type\":\"ReadAction\",\"target\":[\"https:\\\/\\\/essentialvans.at\\\/en\\\/news\\\/\"]}]},{\"@type\":\"BreadcrumbList\",\"@id\":\"https:\\\/\\\/essentialvans.at\\\/en\\\/news\\\/#breadcrumb\",\"itemListElement\":[{\"@type\":\"ListItem\",\"position\":1,\"name\":\"Home\",\"item\":\"https:\\\/\\\/essentialvans.at\\\/en\\\/\"},{\"@type\":\"ListItem\",\"position\":2,\"name\":\"News\"}]},{\"@type\":\"WebSite\",\"@id\":\"https:\\\/\\\/essentialvans.at\\\/en\\\/#website\",\"url\":\"https:\\\/\\\/essentialvans.at\\\/en\\\/\",\"name\":\"Essential Vans\",\"description\":\"Essential Vans\",\"potentialAction\":[{\"@type\":\"SearchAction\",\"target\":{\"@type\":\"EntryPoint\",\"urlTemplate\":\"https:\\\/\\\/essentialvans.at\\\/en\\\/?s={search_term_string}\"},\"query-input\":{\"@type\":\"PropertyValueSpecification\",\"valueRequired\":true,\"valueName\":\"search_term_string\"}}],\"inLanguage\":\"en-US\"}]}<\/script>\n<!-- \/ Yoast SEO plugin. -->","yoast_head_json":{"title":"News - Essential Vans","robots":{"index":"index","follow":"follow","max-snippet":"max-snippet:-1","max-image-preview":"max-image-preview:large","max-video-preview":"max-video-preview:-1"},"canonical":"https:\/\/essentialvans.at\/en\/news\/","og_locale":"en_US","og_type":"article","og_title":"News - Essential Vans","og_url":"https:\/\/essentialvans.at\/en\/news\/","og_site_name":"Essential Vans","article_modified_time":"2026-02-12T11:10:01+00:00","twitter_card":"summary_large_image","schema":{"@context":"https:\/\/schema.org","@graph":[{"@type":"WebPage","@id":"https:\/\/essentialvans.at\/en\/news\/","url":"https:\/\/essentialvans.at\/en\/news\/","name":"News - Essential Vans","isPartOf":{"@id":"https:\/\/essentialvans.at\/en\/#website"},"datePublished":"2023-05-25T07:55:44+00:00","dateModified":"2026-02-12T11:10:01+00:00","breadcrumb":{"@id":"https:\/\/essentialvans.at\/en\/news\/#breadcrumb"},"inLanguage":"en-US","potentialAction":[{"@type":"ReadAction","target":["https:\/\/essentialvans.at\/en\/news\/"]}]},{"@type":"BreadcrumbList","@id":"https:\/\/essentialvans.at\/en\/news\/#breadcrumb","itemListElement":[{"@type":"ListItem","position":1,"name":"Home","item":"https:\/\/essentialvans.at\/en\/"},{"@type":"ListItem","position":2,"name":"News"}]},{"@type":"WebSite","@id":"https:\/\/essentialvans.at\/en\/#website","url":"https:\/\/essentialvans.at\/en\/","name":"Essential Vans","description":"Essential Vans","potentialAction":[{"@type":"SearchAction","target":{"@type":"EntryPoint","urlTemplate":"https:\/\/essentialvans.at\/en\/?s={search_term_string}"},"query-input":{"@type":"PropertyValueSpecification","valueRequired":true,"valueName":"search_term_string"}}],"inLanguage":"en-US"}]}},"_links":{"self":[{"href":"https:\/\/essentialvans.at\/en\/wp-json\/wp\/v2\/pages\/6499","targetHints":{"allow":["GET"]}}],"collection":[{"href":"https:\/\/essentialvans.at\/en\/wp-json\/wp\/v2\/pages"}],"about":[{"href":"https:\/\/essentialvans.at\/en\/wp-json\/wp\/v2\/types\/page"}],"author":[{"embeddable":true,"href":"https:\/\/essentialvans.at\/en\/wp-json\/wp\/v2\/users\/2"}],"replies":[{"embeddable":true,"href":"https:\/\/essentialvans.at\/en\/wp-json\/wp\/v2\/comments?post=6499"}],"version-history":[{"count":2,"href":"https:\/\/essentialvans.at\/en\/wp-json\/wp\/v2\/pages\/6499\/revisions"}],"predecessor-version":[{"id":6667,"href":"https:\/\/essentialvans.at\/en\/wp-json\/wp\/v2\/pages\/6499\/revisions\/6667"}],"wp:attachment":[{"href":"https:\/\/essentialvans.at\/en\/wp-json\/wp\/v2\/media?parent=6499"}],"curies":[{"name":"wp","href":"https:\/\/api.w.org\/{rel}","templated":true}]}}